{"id":99,"date":"2022-12-01T13:13:55","date_gmt":"2022-12-01T13:13:55","guid":{"rendered":"https:\/\/lumendez.com\/blog\/personalizar-cookies\/"},"modified":"2022-12-01T13:13:55","modified_gmt":"2022-12-01T13:13:55","slug":"personalizar-cookies","status":"publish","type":"page","link":"https:\/\/lumendez.com\/en\/personalizar-cookies\/","title":{"rendered":"Customize Cookies"},"content":{"rendered":"<div>\n      <div id=\"custom-cookies-eu-label\">\n\n        This website uses its own cookies for its proper functioning. By clicking the Accept button, you agree to the use of these technologies and the processing of your data for these purposes.\n          &nbsp;&nbsp;\n          <a target=\"_blank\" id=\"cookies-eu-more\" rel=\"nofollow\" href=\"https:\/\/lumendez.com\/en\/politica-de-cookies\/\">Know more<\/a>\n      <\/div>\n\n      <div id=\"custom-cookies-eu-buttons\" class=\"cookies-eu-buttons\">\n        <button id=\"custom-cookies-eu-reject\" class=\"cookies-eu-reject\">Reject<\/button>\n        <button id=\"custom-cookies-eu-accept\" class=\"cookies-eu-accept\">ACEPTAR TODAS LAS COOKIES<\/button><\/div>\n      <\/div>\n\n<br\/>\n<p>\n\tPuedes cambiar tus preferencias de cookies en cualquier momento si vuelves a la p\u00e1gina de Personalizar cookies, a la que puedes acceder a trav\u00e9s del Aviso de cookies. Para obtener m\u00e1s informaci\u00f3n sobre las cookies y c\u00f3mo las usamos, consulta la p\u00e1gina de <a href=\"https:\/\/lumendez.com\/en\/politica-de-cookies\/\">Cookie Policy<\/a>.\n<\/p>\n\n<h3>Cookies t\u00e9cnicas<\/h3>\n<p>\n\tSon aquellas que permiten a los usuarios registrados navegar a trav\u00e9s del sitio Web, del \u00e1rea restringida y a utilizar sus diferentes funciones, como por ejemplo, el sistema de comentarios o el buscador y no pueden ser desactivadas.\n<\/p>","protected":false},"excerpt":{"rendered":"<p>Esta web utiliza cookies propias para su correcto funcionamiento. Al hacer clic en el bot\u00f3n Aceptar, aceptas el uso de estas tecnolog\u00edas y el procesamiento de tus datos para estos prop\u00f3sitos. &nbsp;&nbsp; Saber m\u00e1s Rechazar ACEPTAR TODAS LAS COOKIES Puedes cambiar tus preferencias de cookies en cualquier momento si vuelves a la p\u00e1gina de Personalizar [&hellip;]<\/p>\n","protected":false},"author":2,"featured_media":0,"parent":0,"menu_order":0,"comment_status":"closed","ping_status":"closed","template":"","meta":{"footnotes":""},"class_list":["post-99","page","type-page","status-publish","hentry"],"_links":{"self":[{"href":"https:\/\/lumendez.com\/en\/wp-json\/wp\/v2\/pages\/99","targetHints":{"allow":["GET"]}}],"collection":[{"href":"https:\/\/lumendez.com\/en\/wp-json\/wp\/v2\/pages"}],"about":[{"href":"https:\/\/lumendez.com\/en\/wp-json\/wp\/v2\/types\/page"}],"author":[{"embeddable":true,"href":"https:\/\/lumendez.com\/en\/wp-json\/wp\/v2\/users\/2"}],"replies":[{"embeddable":true,"href":"https:\/\/lumendez.com\/en\/wp-json\/wp\/v2\/comments?post=99"}],"version-history":[{"count":0,"href":"https:\/\/lumendez.com\/en\/wp-json\/wp\/v2\/pages\/99\/revisions"}],"wp:attachment":[{"href":"https:\/\/lumendez.com\/en\/wp-json\/wp\/v2\/media?parent=99"}],"curies":[{"name":"wp","href":"https:\/\/api.w.org\/{rel}","templated":true}]}}