{"id":431,"date":"2022-12-12T16:47:36","date_gmt":"2022-12-12T16:47:36","guid":{"rendered":"https:\/\/lumendez.com\/blog\/?page_id=431"},"modified":"2024-07-17T11:57:14","modified_gmt":"2024-07-17T09:57:14","slug":"conferencias","status":"publish","type":"page","link":"https:\/\/lumendez.com\/en\/conferencias\/","title":{"rendered":"Speaker"},"content":{"rendered":"<div data-elementor-type=\"wp-page\" data-elementor-id=\"431\" class=\"elementor elementor-431\" data-elementor-post-type=\"page\">\n\t\t\t\t\t\t<section class=\"elementor-section elementor-top-section elementor-element elementor-element-48a4163 elementor-section-height-min-height elementor-section-boxed elementor-section-height-default elementor-section-items-middle\" data-id=\"48a4163\" data-element_type=\"section\" data-e-type=\"section\" data-settings=\"{&quot;background_background&quot;:&quot;classic&quot;,&quot;shape_divider_bottom&quot;:&quot;waves&quot;}\">\n\t\t\t\t\t\t\t<div class=\"elementor-background-overlay\"><\/div>\n\t\t\t\t\t\t<div class=\"elementor-shape elementor-shape-bottom\" aria-hidden=\"true\" data-negative=\"false\">\n\t\t\t<svg xmlns=\"http:\/\/www.w3.org\/2000\/svg\" viewbox=\"0 0 1000 100\" preserveaspectratio=\"none\">\n\t<path class=\"elementor-shape-fill\" d=\"M421.9,6.5c22.6-2.5,51.5,0.4,75.5,5.3c23.6,4.9,70.9,23.5,100.5,35.7c75.8,32.2,133.7,44.5,192.6,49.7\tc23.6,2.1,48.7,3.5,103.4-2.5c54.7-6,106.2-25.6,106.2-25.6V0H0v30.3c0,0,72,32.6,158.4,30.5c39.2-0.7,92.8-6.7,134-22.4\tc21.2-8.1,52.2-18.2,79.7-24.2C399.3,7.9,411.6,7.5,421.9,6.5z\"\/>\n<\/svg>\t\t<\/div>\n\t\t\t\t\t<div class=\"elementor-container elementor-column-gap-default\">\n\t\t\t\t\t<div class=\"elementor-column elementor-col-100 elementor-top-column elementor-element elementor-element-72b1671\" data-id=\"72b1671\" data-element_type=\"column\" data-e-type=\"column\">\n\t\t\t<div class=\"elementor-widget-wrap elementor-element-populated\">\n\t\t\t\t\t\t<div class=\"elementor-element elementor-element-e8db56f elementor-widget elementor-widget-heading\" data-id=\"e8db56f\" data-element_type=\"widget\" data-e-type=\"widget\" data-widget_type=\"heading.default\">\n\t\t\t\t<div class=\"elementor-widget-container\">\n\t\t\t\t\t<h1 class=\"elementor-heading-title elementor-size-default\">Speaker<\/h1>\t\t\t\t<\/div>\n\t\t\t\t<\/div>\n\t\t\t\t<div class=\"elementor-element elementor-element-55691c6 elementor-widget elementor-widget-heading\" data-id=\"55691c6\" data-element_type=\"widget\" data-e-type=\"widget\" data-widget_type=\"heading.default\">\n\t\t\t\t<div class=\"elementor-widget-container\">\n\t\t\t\t\t<h5 class=\"elementor-heading-title elementor-size-default\">I am passionate about speaking and spreading the word about healthy life balance issues, and I believe there is still a lot to be said!<\/h5>\t\t\t\t<\/div>\n\t\t\t\t<\/div>\n\t\t\t\t\t<\/div>\n\t\t<\/div>\n\t\t\t\t\t<\/div>\n\t\t<\/section>\n\t\t\t\t<section class=\"elementor-section elementor-top-section elementor-element elementor-element-063d9c2 elementor-reverse-mobile elementor-section-boxed elementor-section-height-default elementor-section-height-default\" data-id=\"063d9c2\" data-element_type=\"section\" data-e-type=\"section\">\n\t\t\t\t\t\t\t<div class=\"elementor-background-overlay\"><\/div>\n\t\t\t\t\t\t\t<div class=\"elementor-container elementor-column-gap-wider\">\n\t\t\t\t\t<div class=\"elementor-column elementor-col-50 elementor-top-column elementor-element elementor-element-acedc6d\" data-id=\"acedc6d\" data-element_type=\"column\" data-e-type=\"column\">\n\t\t\t<div class=\"elementor-widget-wrap elementor-element-populated\">\n\t\t\t\t\t\t<div class=\"elementor-element elementor-element-ec6e701 elementor-widget__width-initial elementor-view-default elementor-widget elementor-widget-icon\" data-id=\"ec6e701\" data-element_type=\"widget\" data-e-type=\"widget\" data-widget_type=\"icon.default\">\n\t\t\t\t<div class=\"elementor-widget-container\">\n\t\t\t\t\t\t\t<div class=\"elementor-icon-wrapper\">\n\t\t\t<div class=\"elementor-icon\">\n\t\t\t<svg xmlns=\"http:\/\/www.w3.org\/2000\/svg\" xmlns:xlink=\"http:\/\/www.w3.org\/1999\/xlink\" xmlns:serif=\"http:\/\/www.serif.com\/\" width=\"100%\" height=\"100%\" viewbox=\"0 0 135 105\" xml:space=\"preserve\" style=\"fill-rule:evenodd;clip-rule:evenodd;stroke-linejoin:round;stroke-miterlimit:2;\"><g><path d=\"M83.845,77.652c11.197,-10.146 2.299,-34.923 -6.703,-44.501c-13.553,-16.67 -35.542,-17.552 -52.519,-10.405c-29.612,12.169 -35.9,65.36 0,79.243c16.417,7.112 47.867,-1.297 55.386,-18.964\" style=\"fill:#6aa5ff;fill-rule:nonzero;\"><\/path><path d=\"M124.441,66.9c-9.755,12.758 -27.709,18.145 -43.239,17.361c-13.758,-0.69 -26.235,-8.922 -32.009,-21.446c-5.16,-11.188 -4.481,-24.49 -0.077,-35.785c5.016,-12.862 15.14,-21.446 28.504,-24.556c8.305,-1.933 17.1,-1.553 25.173,1.18c8.786,2.973 15.068,9.362 20.501,16.611c5.674,7.565 9.365,16.733 9.286,26.265c-0.038,4.783 -1.24,11.491 -4.227,15.335c-1.305,1.679 -2.607,3.358 -3.912,5.035c-0.59,0.756 1.466,0.641 1.895,0.087c1.253,-1.608 2.503,-3.216 3.754,-4.827c2.547,-3.276 3.647,-8.39 4.251,-12.381c1.267,-8.415 -1.251,-17.25 -5.42,-24.526c-7.961,-13.897 -19.86,-23.658 -36.148,-25.069c-12.546,-1.087 -26.238,2.637 -35.441,11.431c-8.41,8.035 -12.947,19.732 -13.703,31.19c-1.224,18.481 9.181,35.354 27.078,41.033c9.501,3.014 20.288,1.939 29.749,-0.633c9.913,-2.695 19.565,-7.956 25.88,-16.218c0.584,-0.762 -1.469,-0.644 -1.895,-0.087\" style=\"fill:#f5decb;fill-rule:nonzero;\"><\/path><path d=\"M51.746,33.342c5.476,-15.109 22.652,-26.114 38.332,-27.283c13.564,-1.013 25.634,7.473 31.261,19.407c5.103,10.825 5.204,24.206 0.09,35.029c-7.226,15.297 -27.16,23.098 -43.077,18.746c-9.906,-2.712 -19.614,-10.872 -24.925,-19.541c-3.049,-4.98 -4.398,-10.779 -4.201,-16.581c0.122,-3.571 1.307,-6.489 2.52,-9.777c0.27,-0.737 -1.77,-0.483 -2.032,0.23c-2.124,5.755 -3.123,10.902 -2.009,17.099c1.324,7.361 5.875,13.783 11.235,18.798c5.387,5.04 12.119,9.272 19.242,11.221c7.585,2.075 15.683,1.013 22.997,-1.545c12.183,-4.259 21.495,-13.283 24.78,-25.814c2.88,-10.987 0.923,-23.221 -5.002,-32.859c-7.254,-11.8 -21.236,-17.408 -34.72,-15.114c-15.134,2.574 -31.171,13.449 -36.523,28.214c-0.27,0.74 1.772,0.486 2.032,-0.23\" style=\"fill:#f5decb;fill-rule:nonzero;\"><\/path><\/g><\/svg>\t\t\t<\/div>\n\t\t<\/div>\n\t\t\t\t\t\t<\/div>\n\t\t\t\t<\/div>\n\t\t\t\t<div class=\"elementor-element elementor-element-0c20f54 elementor-widget__width-initial elementor-widget elementor-widget-heading\" data-id=\"0c20f54\" data-element_type=\"widget\" data-e-type=\"widget\" data-widget_type=\"heading.default\">\n\t\t\t\t<div class=\"elementor-widget-container\">\n\t\t\t\t\t<h3 class=\"elementor-heading-title elementor-size-default\">Hire me as a speaker<\/h3>\t\t\t\t<\/div>\n\t\t\t\t<\/div>\n\t\t\t\t<div class=\"elementor-element elementor-element-fb1cc5d elementor-widget elementor-widget-text-editor\" data-id=\"fb1cc5d\" data-element_type=\"widget\" data-e-type=\"widget\" data-widget_type=\"text-editor.default\">\n\t\t\t\t<div class=\"elementor-widget-container\">\n\t\t\t\t\t\t\t\t\t<p>If you want me to give a talk, a conference or participate as a speaker in any event, do not hesitate to contact me.<br \/><span style=\"color: var( --e-global-color-text ); font-family: var( --e-global-typography-text-font-family ), Sans-serif; font-size: 1rem; font-weight: var( --e-global-typography-text-font-weight );\"><br \/>These are some of the topics I usually talk about:<\/span><\/p>\t\t\t\t\t\t\t\t<\/div>\n\t\t\t\t<\/div>\n\t\t\t\t<div class=\"elementor-element elementor-element-23098f4 elementor-align-start elementor-widget__width-initial elementor-icon-list--layout-traditional elementor-list-item-link-full_width elementor-widget elementor-widget-icon-list\" data-id=\"23098f4\" data-element_type=\"widget\" data-e-type=\"widget\" data-widget_type=\"icon-list.default\">\n\t\t\t\t<div class=\"elementor-widget-container\">\n\t\t\t\t\t\t\t<ul class=\"elementor-icon-list-items\">\n\t\t\t\t\t\t\t<li class=\"elementor-icon-list-item\">\n\t\t\t\t\t\t\t\t\t\t\t<span class=\"elementor-icon-list-icon\">\n\t\t\t\t\t\t\t<svg xmlns=\"http:\/\/www.w3.org\/2000\/svg\" xmlns:xlink=\"http:\/\/www.w3.org\/1999\/xlink\" xmlns:serif=\"http:\/\/www.serif.com\/\" width=\"100%\" height=\"100%\" viewbox=\"0 0 90 86\" xml:space=\"preserve\" style=\"fill-rule:evenodd;clip-rule:evenodd;stroke-linejoin:round;stroke-miterlimit:2;\"><path d=\"M15.111,9.928c-14.517,4.186 -17.422,30.353 -13.55,42.912c4.84,20.932 24.2,31.397 42.591,32.443c31.944,2.094 60.986,-42.911 34.849,-71.169c-11.617,-13.605 -43.561,-19.884 -58.08,-7.325\" style=\"fill:#fa5981;fill-rule:nonzero;\"><\/path><\/svg>\t\t\t\t\t\t<\/span>\n\t\t\t\t\t\t\t\t\t\t<span class=\"elementor-icon-list-text\">Fostering a healthy life balance<\/span>\n\t\t\t\t\t\t\t\t\t<\/li>\n\t\t\t\t\t\t\t\t<li class=\"elementor-icon-list-item\">\n\t\t\t\t\t\t\t\t\t\t\t<span class=\"elementor-icon-list-icon\">\n\t\t\t\t\t\t\t<svg xmlns=\"http:\/\/www.w3.org\/2000\/svg\" xmlns:xlink=\"http:\/\/www.w3.org\/1999\/xlink\" xmlns:serif=\"http:\/\/www.serif.com\/\" width=\"100%\" height=\"100%\" viewbox=\"0 0 90 86\" xml:space=\"preserve\" style=\"fill-rule:evenodd;clip-rule:evenodd;stroke-linejoin:round;stroke-miterlimit:2;\"><path d=\"M15.111,9.928c-14.517,4.186 -17.422,30.353 -13.55,42.912c4.84,20.932 24.2,31.397 42.591,32.443c31.944,2.094 60.986,-42.911 34.849,-71.169c-11.617,-13.605 -43.561,-19.884 -58.08,-7.325\" style=\"fill:#fa5981;fill-rule:nonzero;\"><\/path><\/svg>\t\t\t\t\t\t<\/span>\n\t\t\t\t\t\t\t\t\t\t<span class=\"elementor-icon-list-text\">Cultivating joint responsibility<\/span>\n\t\t\t\t\t\t\t\t\t<\/li>\n\t\t\t\t\t\t\t\t<li class=\"elementor-icon-list-item\">\n\t\t\t\t\t\t\t\t\t\t\t<span class=\"elementor-icon-list-icon\">\n\t\t\t\t\t\t\t<svg xmlns=\"http:\/\/www.w3.org\/2000\/svg\" xmlns:xlink=\"http:\/\/www.w3.org\/1999\/xlink\" xmlns:serif=\"http:\/\/www.serif.com\/\" width=\"100%\" height=\"100%\" viewbox=\"0 0 90 86\" xml:space=\"preserve\" style=\"fill-rule:evenodd;clip-rule:evenodd;stroke-linejoin:round;stroke-miterlimit:2;\"><path d=\"M15.111,9.928c-14.517,4.186 -17.422,30.353 -13.55,42.912c4.84,20.932 24.2,31.397 42.591,32.443c31.944,2.094 60.986,-42.911 34.849,-71.169c-11.617,-13.605 -43.561,-19.884 -58.08,-7.325\" style=\"fill:#fa5981;fill-rule:nonzero;\"><\/path><\/svg>\t\t\t\t\t\t<\/span>\n\t\t\t\t\t\t\t\t\t\t<span class=\"elementor-icon-list-text\">Promoting self-care and wellbeing<\/span>\n\t\t\t\t\t\t\t\t\t<\/li>\n\t\t\t\t\t\t\t\t<li class=\"elementor-icon-list-item\">\n\t\t\t\t\t\t\t\t\t\t\t<span class=\"elementor-icon-list-icon\">\n\t\t\t\t\t\t\t<svg xmlns=\"http:\/\/www.w3.org\/2000\/svg\" xmlns:xlink=\"http:\/\/www.w3.org\/1999\/xlink\" xmlns:serif=\"http:\/\/www.serif.com\/\" width=\"100%\" height=\"100%\" viewbox=\"0 0 90 86\" xml:space=\"preserve\" style=\"fill-rule:evenodd;clip-rule:evenodd;stroke-linejoin:round;stroke-miterlimit:2;\"><path d=\"M15.111,9.928c-14.517,4.186 -17.422,30.353 -13.55,42.912c4.84,20.932 24.2,31.397 42.591,32.443c31.944,2.094 60.986,-42.911 34.849,-71.169c-11.617,-13.605 -43.561,-19.884 -58.08,-7.325\" style=\"fill:#fa5981;fill-rule:nonzero;\"><\/path><\/svg>\t\t\t\t\t\t<\/span>\n\t\t\t\t\t\t\t\t\t\t<span class=\"elementor-icon-list-text\">Managing mental load<\/span>\n\t\t\t\t\t\t\t\t\t<\/li>\n\t\t\t\t\t\t\t\t<li class=\"elementor-icon-list-item\">\n\t\t\t\t\t\t\t\t\t\t\t<span class=\"elementor-icon-list-icon\">\n\t\t\t\t\t\t\t<svg xmlns=\"http:\/\/www.w3.org\/2000\/svg\" xmlns:xlink=\"http:\/\/www.w3.org\/1999\/xlink\" xmlns:serif=\"http:\/\/www.serif.com\/\" width=\"100%\" height=\"100%\" viewbox=\"0 0 90 86\" xml:space=\"preserve\" style=\"fill-rule:evenodd;clip-rule:evenodd;stroke-linejoin:round;stroke-miterlimit:2;\"><path d=\"M15.111,9.928c-14.517,4.186 -17.422,30.353 -13.55,42.912c4.84,20.932 24.2,31.397 42.591,32.443c31.944,2.094 60.986,-42.911 34.849,-71.169c-11.617,-13.605 -43.561,-19.884 -58.08,-7.325\" style=\"fill:#fa5981;fill-rule:nonzero;\"><\/path><\/svg>\t\t\t\t\t\t<\/span>\n\t\t\t\t\t\t\t\t\t\t<span class=\"elementor-icon-list-text\">Returning to paid work<\/span>\n\t\t\t\t\t\t\t\t\t<\/li>\n\t\t\t\t\t\t\t\t<li class=\"elementor-icon-list-item\">\n\t\t\t\t\t\t\t\t\t\t\t<span class=\"elementor-icon-list-icon\">\n\t\t\t\t\t\t\t<svg xmlns=\"http:\/\/www.w3.org\/2000\/svg\" xmlns:xlink=\"http:\/\/www.w3.org\/1999\/xlink\" xmlns:serif=\"http:\/\/www.serif.com\/\" width=\"100%\" height=\"100%\" viewbox=\"0 0 90 86\" xml:space=\"preserve\" style=\"fill-rule:evenodd;clip-rule:evenodd;stroke-linejoin:round;stroke-miterlimit:2;\"><path d=\"M15.111,9.928c-14.517,4.186 -17.422,30.353 -13.55,42.912c4.84,20.932 24.2,31.397 42.591,32.443c31.944,2.094 60.986,-42.911 34.849,-71.169c-11.617,-13.605 -43.561,-19.884 -58.08,-7.325\" style=\"fill:#fa5981;fill-rule:nonzero;\"><\/path><\/svg>\t\t\t\t\t\t<\/span>\n\t\t\t\t\t\t\t\t\t\t<span class=\"elementor-icon-list-text\">Building more inclusive work environments<\/span>\n\t\t\t\t\t\t\t\t\t<\/li>\n\t\t\t\t\t\t\t\t<li class=\"elementor-icon-list-item\">\n\t\t\t\t\t\t\t\t\t\t\t<span class=\"elementor-icon-list-icon\">\n\t\t\t\t\t\t\t<svg xmlns=\"http:\/\/www.w3.org\/2000\/svg\" xmlns:xlink=\"http:\/\/www.w3.org\/1999\/xlink\" xmlns:serif=\"http:\/\/www.serif.com\/\" width=\"100%\" height=\"100%\" viewbox=\"0 0 90 86\" xml:space=\"preserve\" style=\"fill-rule:evenodd;clip-rule:evenodd;stroke-linejoin:round;stroke-miterlimit:2;\"><path d=\"M15.111,9.928c-14.517,4.186 -17.422,30.353 -13.55,42.912c4.84,20.932 24.2,31.397 42.591,32.443c31.944,2.094 60.986,-42.911 34.849,-71.169c-11.617,-13.605 -43.561,-19.884 -58.08,-7.325\" style=\"fill:#fa5981;fill-rule:nonzero;\"><\/path><\/svg>\t\t\t\t\t\t<\/span>\n\t\t\t\t\t\t\t\t\t\t<span class=\"elementor-icon-list-text\">Biases affecting parent\u2019s professional careers<\/span>\n\t\t\t\t\t\t\t\t\t<\/li>\n\t\t\t\t\t\t<\/ul>\n\t\t\t\t\t\t<\/div>\n\t\t\t\t<\/div>\n\t\t\t\t\t<\/div>\n\t\t<\/div>\n\t\t\t\t<div class=\"elementor-column elementor-col-50 elementor-top-column elementor-element elementor-element-30700ad\" data-id=\"30700ad\" data-element_type=\"column\" data-e-type=\"column\">\n\t\t\t<div class=\"elementor-widget-wrap elementor-element-populated\">\n\t\t\t\t\t\t<div class=\"elementor-element elementor-element-0985d3d elementor-widget elementor-widget-image\" data-id=\"0985d3d\" data-element_type=\"widget\" data-e-type=\"widget\" data-widget_type=\"image.default\">\n\t\t\t\t<div class=\"elementor-widget-container\">\n\t\t\t\t\t\t\t\t\t\t\t\t\t\t\t<img fetchpriority=\"high\" decoding=\"async\" width=\"800\" height=\"534\" src=\"https:\/\/lumendez.com\/wp-content\/uploads\/2024\/06\/foto-pagina-conferencias-1024x684.jpg\" class=\"attachment-large size-large wp-image-968\" alt=\"\" srcset=\"https:\/\/lumendez.com\/wp-content\/uploads\/2024\/06\/foto-pagina-conferencias-1024x684.jpg 1024w, https:\/\/lumendez.com\/wp-content\/uploads\/2024\/06\/foto-pagina-conferencias-300x200.jpg 300w, https:\/\/lumendez.com\/wp-content\/uploads\/2024\/06\/foto-pagina-conferencias-768x513.jpg 768w, https:\/\/lumendez.com\/wp-content\/uploads\/2024\/06\/foto-pagina-conferencias.jpg 1444w\" sizes=\"(max-width: 800px) 100vw, 800px\" \/>\t\t\t\t\t\t\t\t\t\t\t\t\t\t\t<\/div>\n\t\t\t\t<\/div>\n\t\t\t\t\t<\/div>\n\t\t<\/div>\n\t\t\t\t\t<\/div>\n\t\t<\/section>\n\t\t\t\t<section class=\"elementor-section elementor-top-section elementor-element elementor-element-bdd9b6e elementor-section-height-min-height elementor-section-boxed elementor-section-height-default elementor-section-items-middle\" data-id=\"bdd9b6e\" data-element_type=\"section\" data-e-type=\"section\" data-settings=\"{&quot;background_background&quot;:&quot;classic&quot;,&quot;shape_divider_top&quot;:&quot;waves&quot;}\">\n\t\t\t\t\t\t\t<div class=\"elementor-background-overlay\"><\/div>\n\t\t\t\t\t\t<div class=\"elementor-shape elementor-shape-top\" aria-hidden=\"true\" data-negative=\"false\">\n\t\t\t<svg xmlns=\"http:\/\/www.w3.org\/2000\/svg\" viewbox=\"0 0 1000 100\" preserveaspectratio=\"none\">\n\t<path class=\"elementor-shape-fill\" d=\"M421.9,6.5c22.6-2.5,51.5,0.4,75.5,5.3c23.6,4.9,70.9,23.5,100.5,35.7c75.8,32.2,133.7,44.5,192.6,49.7\tc23.6,2.1,48.7,3.5,103.4-2.5c54.7-6,106.2-25.6,106.2-25.6V0H0v30.3c0,0,72,32.6,158.4,30.5c39.2-0.7,92.8-6.7,134-22.4\tc21.2-8.1,52.2-18.2,79.7-24.2C399.3,7.9,411.6,7.5,421.9,6.5z\"\/>\n<\/svg>\t\t<\/div>\n\t\t\t\t\t<div class=\"elementor-container elementor-column-gap-default\">\n\t\t\t\t\t<div class=\"elementor-column elementor-col-50 elementor-top-column elementor-element elementor-element-93e1817\" data-id=\"93e1817\" data-element_type=\"column\" data-e-type=\"column\">\n\t\t\t<div class=\"elementor-widget-wrap elementor-element-populated\">\n\t\t\t\t\t\t<div class=\"elementor-element elementor-element-7bc0c0a elementor-widget elementor-widget-image\" data-id=\"7bc0c0a\" data-element_type=\"widget\" data-e-type=\"widget\" data-widget_type=\"image.default\">\n\t\t\t\t<div class=\"elementor-widget-container\">\n\t\t\t\t\t\t\t\t\t\t\t\t\t\t\t<img decoding=\"async\" width=\"800\" height=\"534\" src=\"https:\/\/lumendez.com\/wp-content\/uploads\/2024\/06\/seccion-contacto-pagina-sobre-mi-1024x683.jpg\" class=\"attachment-large size-large wp-image-859\" alt=\"\" srcset=\"https:\/\/lumendez.com\/wp-content\/uploads\/2024\/06\/seccion-contacto-pagina-sobre-mi-1024x683.jpg 1024w, https:\/\/lumendez.com\/wp-content\/uploads\/2024\/06\/seccion-contacto-pagina-sobre-mi-300x200.jpg 300w, https:\/\/lumendez.com\/wp-content\/uploads\/2024\/06\/seccion-contacto-pagina-sobre-mi-768x512.jpg 768w, https:\/\/lumendez.com\/wp-content\/uploads\/2024\/06\/seccion-contacto-pagina-sobre-mi.jpg 1200w\" sizes=\"(max-width: 800px) 100vw, 800px\" \/>\t\t\t\t\t\t\t\t\t\t\t\t\t\t\t<\/div>\n\t\t\t\t<\/div>\n\t\t\t\t\t<\/div>\n\t\t<\/div>\n\t\t\t\t<div class=\"elementor-column elementor-col-50 elementor-top-column elementor-element elementor-element-4c82bb4\" data-id=\"4c82bb4\" data-element_type=\"column\" data-e-type=\"column\" data-settings=\"{&quot;background_background&quot;:&quot;classic&quot;}\">\n\t\t\t<div class=\"elementor-widget-wrap elementor-element-populated\">\n\t\t\t\t\t\t<div class=\"elementor-element elementor-element-19a7fe7 elementor-widget__width-initial elementor-view-default elementor-widget elementor-widget-icon\" data-id=\"19a7fe7\" data-element_type=\"widget\" data-e-type=\"widget\" data-widget_type=\"icon.default\">\n\t\t\t\t<div class=\"elementor-widget-container\">\n\t\t\t\t\t\t\t<div class=\"elementor-icon-wrapper\">\n\t\t\t<div class=\"elementor-icon\">\n\t\t\t<svg xmlns=\"http:\/\/www.w3.org\/2000\/svg\" xmlns:xlink=\"http:\/\/www.w3.org\/1999\/xlink\" xmlns:serif=\"http:\/\/www.serif.com\/\" width=\"100%\" height=\"100%\" viewbox=\"0 0 90 86\" xml:space=\"preserve\" style=\"fill-rule:evenodd;clip-rule:evenodd;stroke-linejoin:round;stroke-miterlimit:2;\"><path d=\"M15.111,9.928c-14.517,4.186 -17.422,30.353 -13.55,42.912c4.84,20.932 24.2,31.397 42.591,32.443c31.944,2.094 60.986,-42.911 34.849,-71.169c-11.617,-13.605 -43.561,-19.884 -58.08,-7.325\" style=\"fill:#fa5981;fill-rule:nonzero;\"><\/path><\/svg>\t\t\t<\/div>\n\t\t<\/div>\n\t\t\t\t\t\t<\/div>\n\t\t\t\t<\/div>\n\t\t\t\t<div class=\"elementor-element elementor-element-f5fe0d8 elementor-widget__width-initial elementor-widget elementor-widget-heading\" data-id=\"f5fe0d8\" data-element_type=\"widget\" data-e-type=\"widget\" data-widget_type=\"heading.default\">\n\t\t\t\t<div class=\"elementor-widget-container\">\n\t\t\t\t\t<h2 class=\"elementor-heading-title elementor-size-default\">Let's talk<\/h2>\t\t\t\t<\/div>\n\t\t\t\t<\/div>\n\t\t\t\t<div class=\"elementor-element elementor-element-988a804 elementor-widget elementor-widget-text-editor\" data-id=\"988a804\" data-element_type=\"widget\" data-e-type=\"widget\" data-widget_type=\"text-editor.default\">\n\t\t\t\t<div class=\"elementor-widget-container\">\n\t\t\t\t\t\t\t\t\t<p>If you have any question or proposal to ask me, feel free to write to me.<\/p>\t\t\t\t\t\t\t\t<\/div>\n\t\t\t\t<\/div>\n\t\t\t\t<div class=\"elementor-element elementor-element-a96c72d elementor-align-center elementor-widget elementor-widget-button\" data-id=\"a96c72d\" data-element_type=\"widget\" data-e-type=\"widget\" data-widget_type=\"button.default\">\n\t\t\t\t<div class=\"elementor-widget-container\">\n\t\t\t\t\t\t\t\t\t<div class=\"elementor-button-wrapper\">\n\t\t\t\t\t<a class=\"elementor-button elementor-button-link elementor-size-sm\" href=\"https:\/\/lumendez.com\/en\/contacto\/\">\n\t\t\t\t\t\t<span class=\"elementor-button-content-wrapper\">\n\t\t\t\t\t\t\t\t\t<span class=\"elementor-button-text\">Contact Me<\/span>\n\t\t\t\t\t<\/span>\n\t\t\t\t\t<\/a>\n\t\t\t\t<\/div>\n\t\t\t\t\t\t\t\t<\/div>\n\t\t\t\t<\/div>\n\t\t\t\t\t<\/div>\n\t\t<\/div>\n\t\t\t\t\t<\/div>\n\t\t<\/section>\n\t\t\t\t<\/div>","protected":false},"excerpt":{"rendered":"<p>Speaker Me apasiona hablar y divulgar sobre temas relacionados con la conciliaci\u00f3n, \u00a1y creo que a\u00fan hay mucho por decir! Contr\u00e1tame como ponente Si quieres que de una charla, una conferencia o participe como speaker en alg\u00fan evento, no dudes en contactarme. Estos son algunos de los temas de los que suelo hablar: Fomentar una [&hellip;]<\/p>\n","protected":false},"author":2,"featured_media":0,"parent":0,"menu_order":0,"comment_status":"closed","ping_status":"closed","template":"elementor_header_footer","meta":{"footnotes":""},"class_list":["post-431","page","type-page","status-publish","hentry"],"_links":{"self":[{"href":"https:\/\/lumendez.com\/en\/wp-json\/wp\/v2\/pages\/431","targetHints":{"allow":["GET"]}}],"collection":[{"href":"https:\/\/lumendez.com\/en\/wp-json\/wp\/v2\/pages"}],"about":[{"href":"https:\/\/lumendez.com\/en\/wp-json\/wp\/v2\/types\/page"}],"author":[{"embeddable":true,"href":"https:\/\/lumendez.com\/en\/wp-json\/wp\/v2\/users\/2"}],"replies":[{"embeddable":true,"href":"https:\/\/lumendez.com\/en\/wp-json\/wp\/v2\/comments?post=431"}],"version-history":[{"count":52,"href":"https:\/\/lumendez.com\/en\/wp-json\/wp\/v2\/pages\/431\/revisions"}],"predecessor-version":[{"id":1182,"href":"https:\/\/lumendez.com\/en\/wp-json\/wp\/v2\/pages\/431\/revisions\/1182"}],"wp:attachment":[{"href":"https:\/\/lumendez.com\/en\/wp-json\/wp\/v2\/media?parent=431"}],"curies":[{"name":"wp","href":"https:\/\/api.w.org\/{rel}","templated":true}]}}